{"id":931,"date":"2022-03-27T07:07:11","date_gmt":"2022-03-27T07:07:11","guid":{"rendered":"https:\/\/www.ubibeneibipatria.at\/?page_id=931"},"modified":"2022-04-20T16:52:38","modified_gmt":"2022-04-20T16:52:38","slug":"von-alaska-bis-feuerland","status":"publish","type":"page","link":"https:\/\/www.ubibeneibipatria.at\/?page_id=931","title":{"rendered":"Von Alaska bis Feuerland"},"content":{"rendered":"<p>Die Panamericana (englisch Pan-American Highway, spanisch Carretera Panamericana und Ruta Panamericana) ist ein System von Schnellstra\u00dfen, das \u2013 mit wenigen L\u00fccken \u2013 Alaska mit Feuerland verbindet, sich also \u00fcber die gesamte Nord-S\u00fcd-Ausdehnung des amerikanischen Kontinents erstreckt. Das Netzwerk umfasst etwa 48.000 km Schnellstra\u00dfe und ist in seiner l\u00e4ngsten Nord-S\u00fcd-Verbindung etwa 25.750 km lang.<\/p>\n<p>Auf der F\u00fcnften Internationalen Konferenz der Amerikanischen Staaten im Jahre 1923 entstand die Idee einer einzigen kontinent\u00fcbergreifenden Schnellstra\u00dfe. Die Konvention \u00fcber die Carretera Panamericana wurde schlie\u00dflich am 23. Dezember 1936 auf der Interamerikanischen Konferenz zur Festigung des Friedens in Buenos Aires unterzeichnet.<\/p>\n<p>Wir werden die Hauptverbindungsstra\u00dfe so wenig wie m\u00f6glich ben\u00fctzen und unsere Spuren so gut es geht abseits der Touristenmassen hinterlassen. Das hei\u00dft nat\u00fcrlich nicht, dass wir auf den Besuch der bekannten Sehensw\u00fcrdigkeiten und HotSpots verzichten werden, auch wir wollen zu den Niagara F\u00e4llen, zum Grand Canyon, nach Las Vegas, zu den Ruinen der Mayas und Inkas,&#8230; aber eben immer nur so kurz wie m\u00f6glich. Lieber suchen wir den Kontakt zu Einheimischen weit ab der ausgetretenen Routen, m\u00f6chten genauso in die W\u00fcste der Baja California, ins Hochland von Peru wie auch in den Dschungel von Kolumbien und Brasilien. Ubi bene ibi patria!<\/p>\n","protected":false},"excerpt":{"rendered":"<p>Die Panamericana (englisch Pan-American Highway, spanisch Carretera Panamericana und Ruta Panamericana) ist ein System von Schnellstra\u00dfen, das \u2013 mit wenigen L\u00fccken \u2013 Alaska mit Feuerland verbindet, sich also \u00fcber die gesamte Nord-S\u00fcd-Ausdehnung des amerikanischen Kontinents erstreckt. Das Netzwerk umfasst etwa 48.000 km Schnellstra\u00dfe und ist in seiner l\u00e4ngsten Nord-S\u00fcd-Verbindung etwa 25.750 km lang. Auf der &hellip; <\/p>\n","protected":false},"author":1,"featured_media":932,"parent":0,"menu_order":7,"comment_status":"closed","ping_status":"closed","template":"","meta":[],"_links":{"self":[{"href":"https:\/\/www.ubibeneibipatria.at\/index.php?rest_route=\/wp\/v2\/pages\/931"}],"collection":[{"href":"https:\/\/www.ubibeneibipatria.at\/index.php?rest_route=\/wp\/v2\/pages"}],"about":[{"href":"https:\/\/www.ubibeneibipatria.at\/index.php?rest_route=\/wp\/v2\/types\/page"}],"author":[{"embeddable":true,"href":"https:\/\/www.ubibeneibipatria.at\/index.php?rest_route=\/wp\/v2\/users\/1"}],"replies":[{"embeddable":true,"href":"https:\/\/www.ubibeneibipatria.at\/index.php?rest_route=%2Fwp%2Fv2%2Fcomments&post=931"}],"version-history":[{"count":2,"href":"https:\/\/www.ubibeneibipatria.at\/index.php?rest_route=\/wp\/v2\/pages\/931\/revisions"}],"predecessor-version":[{"id":1164,"href":"https:\/\/www.ubibeneibipatria.at\/index.php?rest_route=\/wp\/v2\/pages\/931\/revisions\/1164"}],"wp:featuredmedia":[{"embeddable":true,"href":"https:\/\/www.ubibeneibipatria.at\/index.php?rest_route=\/wp\/v2\/media\/932"}],"wp:attachment":[{"href":"https:\/\/www.ubibeneibipatria.at\/index.php?rest_route=%2Fwp%2Fv2%2Fmedia&parent=931"}],"curies":[{"name":"wp","href":"https:\/\/api.w.org\/{rel}","templated":true}]}}