{"id":897,"date":"2022-03-18T12:32:12","date_gmt":"2022-03-18T12:32:12","guid":{"rendered":"https:\/\/www.ubibeneibipatria.at\/?page_id=897"},"modified":"2023-11-22T16:16:56","modified_gmt":"2023-11-22T16:16:56","slug":"unser-fahrzeug","status":"publish","type":"page","link":"https:\/\/www.ubibeneibipatria.at\/?page_id=897","title":{"rendered":"Unser Fahrzeug"},"content":{"rendered":"<h3 style=\"text-align: center;\">Unimog Typ 435<\/h3>\n<div id='gallery-1' class='gallery galleryid-897 gallery-columns-3 gallery-size-medium'><figure class='gallery-item'>\r\n\t\t\t<div class='gallery-icon landscape'>\r\n\t\t\t\t<a href='https:\/\/www.ubibeneibipatria.at\/wp-content\/uploads\/2022\/01\/WhatsApp-Image-2021-07-26-at-14.17.08.jpeg'><img width=\"300\" height=\"225\" src=\"https:\/\/www.ubibeneibipatria.at\/wp-content\/uploads\/2022\/01\/WhatsApp-Image-2021-07-26-at-14.17.08-300x225.jpeg\" class=\"attachment-medium size-medium\" alt=\"\" loading=\"lazy\" srcset=\"https:\/\/www.ubibeneibipatria.at\/wp-content\/uploads\/2022\/01\/WhatsApp-Image-2021-07-26-at-14.17.08-300x225.jpeg 300w, https:\/\/www.ubibeneibipatria.at\/wp-content\/uploads\/2022\/01\/WhatsApp-Image-2021-07-26-at-14.17.08-1024x768.jpeg 1024w, https:\/\/www.ubibeneibipatria.at\/wp-content\/uploads\/2022\/01\/WhatsApp-Image-2021-07-26-at-14.17.08-768x576.jpeg 768w, https:\/\/www.ubibeneibipatria.at\/wp-content\/uploads\/2022\/01\/WhatsApp-Image-2021-07-26-at-14.17.08-1536x1152.jpeg 1536w, https:\/\/www.ubibeneibipatria.at\/wp-content\/uploads\/2022\/01\/WhatsApp-Image-2021-07-26-at-14.17.08-80x60.jpeg 80w, https:\/\/www.ubibeneibipatria.at\/wp-content\/uploads\/2022\/01\/WhatsApp-Image-2021-07-26-at-14.17.08.jpeg 1600w\" sizes=\"(max-width: 300px) 100vw, 300px\" \/><\/a>\r\n\t\t\t<\/div><\/figure><figure class='gallery-item'>\r\n\t\t\t<div class='gallery-icon landscape'>\r\n\t\t\t\t<a href='https:\/\/www.ubibeneibipatria.at\/wp-content\/uploads\/2022\/01\/WhatsApp-Image-2021-07-26-at-14.17.09.jpeg'><img width=\"300\" height=\"225\" src=\"https:\/\/www.ubibeneibipatria.at\/wp-content\/uploads\/2022\/01\/WhatsApp-Image-2021-07-26-at-14.17.09-300x225.jpeg\" class=\"attachment-medium size-medium\" alt=\"\" loading=\"lazy\" srcset=\"https:\/\/www.ubibeneibipatria.at\/wp-content\/uploads\/2022\/01\/WhatsApp-Image-2021-07-26-at-14.17.09-300x225.jpeg 300w, https:\/\/www.ubibeneibipatria.at\/wp-content\/uploads\/2022\/01\/WhatsApp-Image-2021-07-26-at-14.17.09-1024x768.jpeg 1024w, https:\/\/www.ubibeneibipatria.at\/wp-content\/uploads\/2022\/01\/WhatsApp-Image-2021-07-26-at-14.17.09-768x576.jpeg 768w, https:\/\/www.ubibeneibipatria.at\/wp-content\/uploads\/2022\/01\/WhatsApp-Image-2021-07-26-at-14.17.09-1536x1152.jpeg 1536w, https:\/\/www.ubibeneibipatria.at\/wp-content\/uploads\/2022\/01\/WhatsApp-Image-2021-07-26-at-14.17.09-80x60.jpeg 80w, https:\/\/www.ubibeneibipatria.at\/wp-content\/uploads\/2022\/01\/WhatsApp-Image-2021-07-26-at-14.17.09.jpeg 1600w\" sizes=\"(max-width: 300px) 100vw, 300px\" \/><\/a>\r\n\t\t\t<\/div><\/figure><figure class='gallery-item'>\r\n\t\t\t<div class='gallery-icon landscape'>\r\n\t\t\t\t<a href='https:\/\/www.ubibeneibipatria.at\/wp-content\/uploads\/2022\/03\/unimog_01.jpg'><img width=\"300\" height=\"225\" src=\"https:\/\/www.ubibeneibipatria.at\/wp-content\/uploads\/2022\/03\/unimog_01-300x225.jpg\" class=\"attachment-medium size-medium\" alt=\"\" loading=\"lazy\" srcset=\"https:\/\/www.ubibeneibipatria.at\/wp-content\/uploads\/2022\/03\/unimog_01-300x225.jpg 300w, https:\/\/www.ubibeneibipatria.at\/wp-content\/uploads\/2022\/03\/unimog_01-1024x768.jpg 1024w, https:\/\/www.ubibeneibipatria.at\/wp-content\/uploads\/2022\/03\/unimog_01-768x576.jpg 768w, https:\/\/www.ubibeneibipatria.at\/wp-content\/uploads\/2022\/03\/unimog_01-1536x1152.jpg 1536w, https:\/\/www.ubibeneibipatria.at\/wp-content\/uploads\/2022\/03\/unimog_01-80x60.jpg 80w, https:\/\/www.ubibeneibipatria.at\/wp-content\/uploads\/2022\/03\/unimog_01-600x450.jpg 600w, https:\/\/www.ubibeneibipatria.at\/wp-content\/uploads\/2022\/03\/unimog_01.jpg 1600w\" sizes=\"(max-width: 300px) 100vw, 300px\" \/><\/a>\r\n\t\t\t<\/div><\/figure>\r\n\t\t<\/div>\n\n<p style=\"text-align: center;\">Unimog Typ 435<br \/>\nL\u00e4nge: 6 m, Breite: 2,30 m, H\u00f6he: 3,30 m,<br \/>\nGewicht: Abfahrbereit: ca. 6.700 kg<br \/>\nMotor: 366a<br \/>\nGetriebe: 365 mit Split und Arbeitsgruppe<br \/>\nAchsen: Verst\u00e4rkte Achsen, zweiteilig (von Unimog 1550 L)<br \/>\nReifen: Michelin XZL 365\/80 R20<br \/>\nTreibstofftank: Kapazit\u00e4t 2 x 160 l + 4 Metallkanister \u00e0 20 l<br \/>\nAufbau: Tiefk\u00fchlkoffer mit 6 cm Isolierung aufgebaut auf Original Spinne<br \/>\nKCT-Fenster und Dachluke mit Edelstahlabdeckungen<br \/>\nSolaranlage am Dach 520Wp<\/p>\n<p style=\"text-align: center;\">Dieselheizung<br \/>\nElektrische Seilwinde (Warn Military Heavy Duty)<\/p>\n<p style=\"text-align: center;\">Die Wohnkabine, ausgen\u00fctzt bis zum letzten cm wurde nach unseren Vorstellungen neu und funktionell ausgestattet, wichtig war uns ein fixes Bett (2 m x 1,40 m) auf dem man auch aufrecht sitzen kann. Darunter gibt es diverse Schubladen als Stauraum und in einer befindet sich unsere K\u00fchlbox. Den kleinen Tisch mit den zwei Sitzpl\u00e4tzen nutzen wir nur bei K\u00e4lte bzw. schlechtem Wetter, ansonsten lassen wir uns drau\u00dfen unter unserer Markise nieder und vergr\u00f6\u00dfern so unseren Wohn- und Lebensraum betr\u00e4chtlich. Das kleine Badezimmer hat Waschbecken, Dusche (innen oder au\u00dfen) und Toilette auf kleinstem Raum und gen\u00fcgt uns vollkommen. Die K\u00fcche (2 Gasflammen und gro\u00dfe Grillplatte) haben wir absichtlich nach drau\u00dfen verlegt, so vermeiden wir K\u00fcchengeruch in der Kabine &#8211; Am liebsten essen wir aber sowieso das was die Einheimischen essen, in kleinen, landestypischen Lokalen oder bei St\u00e4nden am Stra\u00dfenrand.<\/p>\n<p style=\"text-align: center;\">Wir verzichten ganz bewusst auf Raum und Luxus, viel wichtiger bei der Planung der Einrichtung war es f\u00fcr uns, die Vorz\u00fcge unseres Unimogs, nicht etwa durch zu hohes Gewicht, etc. zu gef\u00e4hrden, was es uns nun erm\u00f6glicht, nahezu jedes Gel\u00e4nde zu bew\u00e4ltigen und uns abseits der Touristenstr\u00f6me jederzeit autark aufhalten zu k\u00f6nnen &#8211; Egal ob mitten in der Stadt, in den Bergen, am Strand oder in der W\u00fcste.<\/p>\n<p>&nbsp;<\/p>\n<div id='gallery-2' class='gallery galleryid-897 gallery-columns-3 gallery-size-medium'><figure class='gallery-item'>\r\n\t\t\t<div class='gallery-icon landscape'>\r\n\t\t\t\t<a href='https:\/\/www.ubibeneibipatria.at\/wp-content\/uploads\/2022\/03\/unimog_05.jpg'><img width=\"300\" height=\"225\" src=\"https:\/\/www.ubibeneibipatria.at\/wp-content\/uploads\/2022\/03\/unimog_05-300x225.jpg\" class=\"attachment-medium size-medium\" alt=\"\" loading=\"lazy\" srcset=\"https:\/\/www.ubibeneibipatria.at\/wp-content\/uploads\/2022\/03\/unimog_05-300x225.jpg 300w, https:\/\/www.ubibeneibipatria.at\/wp-content\/uploads\/2022\/03\/unimog_05-1024x768.jpg 1024w, https:\/\/www.ubibeneibipatria.at\/wp-content\/uploads\/2022\/03\/unimog_05-768x576.jpg 768w, https:\/\/www.ubibeneibipatria.at\/wp-content\/uploads\/2022\/03\/unimog_05-1536x1152.jpg 1536w, https:\/\/www.ubibeneibipatria.at\/wp-content\/uploads\/2022\/03\/unimog_05-80x60.jpg 80w, https:\/\/www.ubibeneibipatria.at\/wp-content\/uploads\/2022\/03\/unimog_05-600x450.jpg 600w, https:\/\/www.ubibeneibipatria.at\/wp-content\/uploads\/2022\/03\/unimog_05.jpg 1600w\" sizes=\"(max-width: 300px) 100vw, 300px\" \/><\/a>\r\n\t\t\t<\/div><\/figure><figure class='gallery-item'>\r\n\t\t\t<div class='gallery-icon landscape'>\r\n\t\t\t\t<a href='https:\/\/www.ubibeneibipatria.at\/wp-content\/uploads\/2022\/03\/unimog_04.jpg'><img width=\"300\" height=\"225\" src=\"https:\/\/www.ubibeneibipatria.at\/wp-content\/uploads\/2022\/03\/unimog_04-300x225.jpg\" class=\"attachment-medium size-medium\" alt=\"\" loading=\"lazy\" srcset=\"https:\/\/www.ubibeneibipatria.at\/wp-content\/uploads\/2022\/03\/unimog_04-300x225.jpg 300w, https:\/\/www.ubibeneibipatria.at\/wp-content\/uploads\/2022\/03\/unimog_04-1024x768.jpg 1024w, https:\/\/www.ubibeneibipatria.at\/wp-content\/uploads\/2022\/03\/unimog_04-768x576.jpg 768w, https:\/\/www.ubibeneibipatria.at\/wp-content\/uploads\/2022\/03\/unimog_04-1536x1152.jpg 1536w, https:\/\/www.ubibeneibipatria.at\/wp-content\/uploads\/2022\/03\/unimog_04-80x60.jpg 80w, https:\/\/www.ubibeneibipatria.at\/wp-content\/uploads\/2022\/03\/unimog_04-600x450.jpg 600w, https:\/\/www.ubibeneibipatria.at\/wp-content\/uploads\/2022\/03\/unimog_04.jpg 1600w\" sizes=\"(max-width: 300px) 100vw, 300px\" \/><\/a>\r\n\t\t\t<\/div><\/figure><figure class='gallery-item'>\r\n\t\t\t<div class='gallery-icon portrait'>\r\n\t\t\t\t<a href='https:\/\/www.ubibeneibipatria.at\/wp-content\/uploads\/2022\/03\/unimog_06.jpg'><img width=\"225\" height=\"300\" src=\"https:\/\/www.ubibeneibipatria.at\/wp-content\/uploads\/2022\/03\/unimog_06-225x300.jpg\" class=\"attachment-medium size-medium\" alt=\"\" loading=\"lazy\" srcset=\"https:\/\/www.ubibeneibipatria.at\/wp-content\/uploads\/2022\/03\/unimog_06-225x300.jpg 225w, https:\/\/www.ubibeneibipatria.at\/wp-content\/uploads\/2022\/03\/unimog_06-768x1024.jpg 768w, https:\/\/www.ubibeneibipatria.at\/wp-content\/uploads\/2022\/03\/unimog_06-1152x1536.jpg 1152w, https:\/\/www.ubibeneibipatria.at\/wp-content\/uploads\/2022\/03\/unimog_06-45x60.jpg 45w, https:\/\/www.ubibeneibipatria.at\/wp-content\/uploads\/2022\/03\/unimog_06-600x800.jpg 600w, https:\/\/www.ubibeneibipatria.at\/wp-content\/uploads\/2022\/03\/unimog_06.jpg 1200w\" sizes=\"(max-width: 225px) 100vw, 225px\" \/><\/a>\r\n\t\t\t<\/div><\/figure><figure class='gallery-item'>\r\n\t\t\t<div class='gallery-icon landscape'>\r\n\t\t\t\t<a href='https:\/\/www.ubibeneibipatria.at\/wp-content\/uploads\/2022\/03\/unimog_02.jpg'><img width=\"300\" height=\"225\" src=\"https:\/\/www.ubibeneibipatria.at\/wp-content\/uploads\/2022\/03\/unimog_02-300x225.jpg\" class=\"attachment-medium size-medium\" alt=\"\" loading=\"lazy\" srcset=\"https:\/\/www.ubibeneibipatria.at\/wp-content\/uploads\/2022\/03\/unimog_02-300x225.jpg 300w, https:\/\/www.ubibeneibipatria.at\/wp-content\/uploads\/2022\/03\/unimog_02-1024x768.jpg 1024w, https:\/\/www.ubibeneibipatria.at\/wp-content\/uploads\/2022\/03\/unimog_02-768x576.jpg 768w, https:\/\/www.ubibeneibipatria.at\/wp-content\/uploads\/2022\/03\/unimog_02-1536x1152.jpg 1536w, https:\/\/www.ubibeneibipatria.at\/wp-content\/uploads\/2022\/03\/unimog_02-80x60.jpg 80w, https:\/\/www.ubibeneibipatria.at\/wp-content\/uploads\/2022\/03\/unimog_02-600x450.jpg 600w, https:\/\/www.ubibeneibipatria.at\/wp-content\/uploads\/2022\/03\/unimog_02.jpg 1600w\" sizes=\"(max-width: 300px) 100vw, 300px\" \/><\/a>\r\n\t\t\t<\/div><\/figure><figure class='gallery-item'>\r\n\t\t\t<div class='gallery-icon landscape'>\r\n\t\t\t\t<a href='https:\/\/www.ubibeneibipatria.at\/wp-content\/uploads\/2022\/03\/unimog_07.jpg'><img width=\"300\" height=\"225\" src=\"https:\/\/www.ubibeneibipatria.at\/wp-content\/uploads\/2022\/03\/unimog_07-300x225.jpg\" class=\"attachment-medium size-medium\" alt=\"\" loading=\"lazy\" srcset=\"https:\/\/www.ubibeneibipatria.at\/wp-content\/uploads\/2022\/03\/unimog_07-300x225.jpg 300w, https:\/\/www.ubibeneibipatria.at\/wp-content\/uploads\/2022\/03\/unimog_07-1024x768.jpg 1024w, https:\/\/www.ubibeneibipatria.at\/wp-content\/uploads\/2022\/03\/unimog_07-768x576.jpg 768w, https:\/\/www.ubibeneibipatria.at\/wp-content\/uploads\/2022\/03\/unimog_07-1536x1152.jpg 1536w, https:\/\/www.ubibeneibipatria.at\/wp-content\/uploads\/2022\/03\/unimog_07-80x60.jpg 80w, https:\/\/www.ubibeneibipatria.at\/wp-content\/uploads\/2022\/03\/unimog_07-600x450.jpg 600w, https:\/\/www.ubibeneibipatria.at\/wp-content\/uploads\/2022\/03\/unimog_07.jpg 1600w\" sizes=\"(max-width: 300px) 100vw, 300px\" \/><\/a>\r\n\t\t\t<\/div><\/figure><figure class='gallery-item'>\r\n\t\t\t<div class='gallery-icon landscape'>\r\n\t\t\t\t<a href='https:\/\/www.ubibeneibipatria.at\/wp-content\/uploads\/2022\/03\/unimog_03.jpg'><img width=\"300\" height=\"225\" src=\"https:\/\/www.ubibeneibipatria.at\/wp-content\/uploads\/2022\/03\/unimog_03-300x225.jpg\" class=\"attachment-medium size-medium\" alt=\"\" loading=\"lazy\" srcset=\"https:\/\/www.ubibeneibipatria.at\/wp-content\/uploads\/2022\/03\/unimog_03-300x225.jpg 300w, https:\/\/www.ubibeneibipatria.at\/wp-content\/uploads\/2022\/03\/unimog_03-1024x768.jpg 1024w, https:\/\/www.ubibeneibipatria.at\/wp-content\/uploads\/2022\/03\/unimog_03-768x576.jpg 768w, https:\/\/www.ubibeneibipatria.at\/wp-content\/uploads\/2022\/03\/unimog_03-1536x1152.jpg 1536w, https:\/\/www.ubibeneibipatria.at\/wp-content\/uploads\/2022\/03\/unimog_03-80x60.jpg 80w, https:\/\/www.ubibeneibipatria.at\/wp-content\/uploads\/2022\/03\/unimog_03-600x450.jpg 600w, https:\/\/www.ubibeneibipatria.at\/wp-content\/uploads\/2022\/03\/unimog_03.jpg 1600w\" sizes=\"(max-width: 300px) 100vw, 300px\" \/><\/a>\r\n\t\t\t<\/div><\/figure>\r\n\t\t<\/div>\n\n","protected":false},"excerpt":{"rendered":"<p>Unimog Typ 435 Unimog Typ 435 L\u00e4nge: 6 m, Breite: 2,30 m, H\u00f6he: 3,30 m, Gewicht: Abfahrbereit: ca. 6.700 kg Motor: 366a Getriebe: 365 mit Split und Arbeitsgruppe Achsen: Verst\u00e4rkte Achsen, zweiteilig (von Unimog 1550 L) Reifen: Michelin XZL 365\/80 R20 Treibstofftank: Kapazit\u00e4t 2 x 160 l + 4 Metallkanister \u00e0 20 l Aufbau: Tiefk\u00fchlkoffer &hellip; <\/p>\n","protected":false},"author":1,"featured_media":23,"parent":0,"menu_order":11,"comment_status":"closed","ping_status":"closed","template":"","meta":[],"_links":{"self":[{"href":"https:\/\/www.ubibeneibipatria.at\/index.php?rest_route=\/wp\/v2\/pages\/897"}],"collection":[{"href":"https:\/\/www.ubibeneibipatria.at\/index.php?rest_route=\/wp\/v2\/pages"}],"about":[{"href":"https:\/\/www.ubibeneibipatria.at\/index.php?rest_route=\/wp\/v2\/types\/page"}],"author":[{"embeddable":true,"href":"https:\/\/www.ubibeneibipatria.at\/index.php?rest_route=\/wp\/v2\/users\/1"}],"replies":[{"embeddable":true,"href":"https:\/\/www.ubibeneibipatria.at\/index.php?rest_route=%2Fwp%2Fv2%2Fcomments&post=897"}],"version-history":[{"count":16,"href":"https:\/\/www.ubibeneibipatria.at\/index.php?rest_route=\/wp\/v2\/pages\/897\/revisions"}],"predecessor-version":[{"id":5485,"href":"https:\/\/www.ubibeneibipatria.at\/index.php?rest_route=\/wp\/v2\/pages\/897\/revisions\/5485"}],"wp:featuredmedia":[{"embeddable":true,"href":"https:\/\/www.ubibeneibipatria.at\/index.php?rest_route=\/wp\/v2\/media\/23"}],"wp:attachment":[{"href":"https:\/\/www.ubibeneibipatria.at\/index.php?rest_route=%2Fwp%2Fv2%2Fmedia&parent=897"}],"curies":[{"name":"wp","href":"https:\/\/api.w.org\/{rel}","templated":true}]}}