{"id":864,"date":"2022-01-28T08:51:09","date_gmt":"2022-01-28T08:51:09","guid":{"rendered":"https:\/\/www.ubibeneibipatria.at\/?page_id=864"},"modified":"2022-04-21T07:37:26","modified_gmt":"2022-04-21T07:37:26","slug":"start-ins-abenteuer","status":"publish","type":"page","link":"https:\/\/www.ubibeneibipatria.at\/?page_id=864","title":{"rendered":"Start ins Abenteuer"},"content":{"rendered":"<p><strong>Hi, wir sind Karl &amp; Rebecca ,<\/strong><br \/>\n<br \/>&nbsp;<br \/>\n<span class=\"dropcap\">D<\/span>as Motto unserer homepage <strong>\u201eubi bene ibi patria\u201c<\/strong>\u00a0sagt eigentlich alles \u00fcber uns aus.<\/p>\n<p>Wir freuen uns seit Jahren auf immer neue Erlebnisse mit unserem Unimog auf der ganzen Welt, denn : <strong>\u201c\u00dcberall \u00a0wo es sch\u00f6n ist, dort ist unsere Heimat\u201c<\/strong><\/p>\n<p>Unser Herzensprojekt war es immer, die \u201ePanamericana\u201c von Alaska bis Feuerland,<br \/>\nm\u00f6glichst weit abseits der Hauptroute, zu befahren. Nun wird dieser Traum endlich wahr,<br \/>\nwir starten im April 2022 von Halifax in Kanada und nehmen uns f\u00fcr die grob gesch\u00e4tzten 70.000 km ca. zwei Jahre Zeit.<\/p>\n<p>Obwohl wir beide so gar keine Freude an Computern und sozialen Medien haben (kein Facebook, kein Instagram etc&#8230;), entstand, auf vielfachen Wunsch unserer Freunde, diese homepage und wir freuen uns darauf, Euch alle dadurch an unserer Reise teilhaben zu lassen. Nat\u00fcrlich hoffen wir auf viele<br \/>\nKommentare aus der Heimat! Wir bedanken uns im Voraus f\u00fcr Euer Verst\u00e4ndnis, dass wir nicht st\u00e4ndig aktuell berichten werden und dass die Qualit\u00e4t unserer Videos bestimmt manchmal etwas holprig sein wird, wir hoffen, Ihr habt trotzdem Spa\u00df daran ab und zu wieder mal bei unserem Blog reinzuschauen.<\/p>\n","protected":false},"excerpt":{"rendered":"<p>Hi, wir sind Karl &amp; Rebecca , &nbsp; Das Motto unserer homepage \u201eubi bene ibi patria\u201c\u00a0sagt eigentlich alles \u00fcber uns aus. Wir freuen uns seit Jahren auf immer neue Erlebnisse mit unserem Unimog auf der ganzen Welt, denn : \u201c\u00dcberall \u00a0wo es sch\u00f6n ist, dort ist unsere Heimat\u201c Unser Herzensprojekt war es immer, die \u201ePanamericana\u201c &hellip; <\/p>\n","protected":false},"author":1,"featured_media":877,"parent":0,"menu_order":5,"comment_status":"closed","ping_status":"closed","template":"","meta":[],"_links":{"self":[{"href":"https:\/\/www.ubibeneibipatria.at\/index.php?rest_route=\/wp\/v2\/pages\/864"}],"collection":[{"href":"https:\/\/www.ubibeneibipatria.at\/index.php?rest_route=\/wp\/v2\/pages"}],"about":[{"href":"https:\/\/www.ubibeneibipatria.at\/index.php?rest_route=\/wp\/v2\/types\/page"}],"author":[{"embeddable":true,"href":"https:\/\/www.ubibeneibipatria.at\/index.php?rest_route=\/wp\/v2\/users\/1"}],"replies":[{"embeddable":true,"href":"https:\/\/www.ubibeneibipatria.at\/index.php?rest_route=%2Fwp%2Fv2%2Fcomments&post=864"}],"version-history":[{"count":22,"href":"https:\/\/www.ubibeneibipatria.at\/index.php?rest_route=\/wp\/v2\/pages\/864\/revisions"}],"predecessor-version":[{"id":1196,"href":"https:\/\/www.ubibeneibipatria.at\/index.php?rest_route=\/wp\/v2\/pages\/864\/revisions\/1196"}],"wp:featuredmedia":[{"embeddable":true,"href":"https:\/\/www.ubibeneibipatria.at\/index.php?rest_route=\/wp\/v2\/media\/877"}],"wp:attachment":[{"href":"https:\/\/www.ubibeneibipatria.at\/index.php?rest_route=%2Fwp%2Fv2%2Fmedia&parent=864"}],"curies":[{"name":"wp","href":"https:\/\/api.w.org\/{rel}","templated":true}]}}