{"id":1140,"date":"2022-04-10T08:02:27","date_gmt":"2022-04-10T08:02:27","guid":{"rendered":"https:\/\/www.ubibeneibipatria.at\/?page_id=1140"},"modified":"2022-04-21T09:13:32","modified_gmt":"2022-04-21T09:13:32","slug":"abenteur","status":"publish","type":"page","link":"https:\/\/www.ubibeneibipatria.at\/?page_id=1140","title":{"rendered":"Abenteuer"},"content":{"rendered":"<p><a href=\"https:\/\/www.ubibeneibipatria.at\/wp-content\/uploads\/2022\/04\/07.jpeg\"><img loading=\"lazy\" class=\"wp-image-1171 alignleft\" src=\"https:\/\/www.ubibeneibipatria.at\/wp-content\/uploads\/2022\/04\/07-300x225.jpeg\" alt=\"\" width=\"218\" height=\"164\" srcset=\"https:\/\/www.ubibeneibipatria.at\/wp-content\/uploads\/2022\/04\/07-300x225.jpeg 300w, https:\/\/www.ubibeneibipatria.at\/wp-content\/uploads\/2022\/04\/07-1024x768.jpeg 1024w, https:\/\/www.ubibeneibipatria.at\/wp-content\/uploads\/2022\/04\/07-768x576.jpeg 768w, https:\/\/www.ubibeneibipatria.at\/wp-content\/uploads\/2022\/04\/07-80x60.jpeg 80w, https:\/\/www.ubibeneibipatria.at\/wp-content\/uploads\/2022\/04\/07.jpeg 1280w\" sizes=\"(max-width: 218px) 100vw, 218px\" \/><\/a> &#8222;Bist Du v\u00f6llig verr\u00fcckt!? &#8211; Das kann ja kein Mensch lesen und schon gar nicht aussprechen&#8220; &#8211; Mein hochverehrter Software-Spezialist war fassungslos \u00fcber meinen Wunsch unsere Reisehomepage <strong>&#8222;ubi bene ibi patria&#8220;<\/strong> zu nennen. Nat\u00fcrlich konnte ich seine Bedenken verstehen, doch f\u00fcr mich kam nichts anderes in Frage als dieses Motto, das genau unsere gro\u00dfe Liebe zu Fernreisen, m\u00f6glichst abseits der bekannten Touristenrouten widerspiegelt.<\/p>\n<p>Fremde L\u00e4nder zu bereisen, Menschen kennenzulernen, in Kulturen einzutauchen, ganz allein an einsamen Str\u00e4nden stundenlang aufs Meer zu schauen, sich \u00fcber Schotterpisten durch wilde Bergschluchten zu k\u00e4mpfen, weit im Inneren einer W\u00fcste in den unglaublichen Sternenhimmel zu schauen,&#8230;.. &#8211; aber auch das Auto in stundenlanger Arbeit aus Sand oder Schlamm zu graben &#8211; dazu braucht es mindestens zwei Gleichgesinnte oder, wie ich es eigentlich lieber nenne, zwei gleich Verr\u00fcckte. Man muss sich auch ertragen k\u00f6nnen, bei schlechtem Wetter tagelang auf 6m2 &#8222;Wohnfl\u00e4che&#8220;, aber die gemeinsamen, unglaublichen Augenblicke &#8211; die kann einem halt auch keiner nehmen &#8211; und wir m\u00f6chten keinen einzigen der bisher erlebten jemals missen! Auf jeden einzelnen dieser speziellen Momente, die in den n\u00e4chsten zwei Jahren ganz sicher kommen werden, freuen wir uns bereits heute, denn <strong>&#8222;\u00fcberall wo es sch\u00f6n ist, dort ist unsere Heimat&#8220;<\/strong>!<\/p>\n","protected":false},"excerpt":{"rendered":"<p>&#8222;Bist Du v\u00f6llig verr\u00fcckt!? &#8211; Das kann ja kein Mensch lesen und schon gar nicht aussprechen&#8220; &#8211; Mein hochverehrter Software-Spezialist war fassungslos \u00fcber meinen Wunsch unsere Reisehomepage &#8222;ubi bene ibi patria&#8220; zu nennen. Nat\u00fcrlich konnte ich seine Bedenken verstehen, doch f\u00fcr mich kam nichts anderes in Frage als dieses Motto, das genau unsere gro\u00dfe Liebe &hellip; <\/p>\n","protected":false},"author":3,"featured_media":1109,"parent":0,"menu_order":0,"comment_status":"closed","ping_status":"closed","template":"","meta":[],"_links":{"self":[{"href":"https:\/\/www.ubibeneibipatria.at\/index.php?rest_route=\/wp\/v2\/pages\/1140"}],"collection":[{"href":"https:\/\/www.ubibeneibipatria.at\/index.php?rest_route=\/wp\/v2\/pages"}],"about":[{"href":"https:\/\/www.ubibeneibipatria.at\/index.php?rest_route=\/wp\/v2\/types\/page"}],"author":[{"embeddable":true,"href":"https:\/\/www.ubibeneibipatria.at\/index.php?rest_route=\/wp\/v2\/users\/3"}],"replies":[{"embeddable":true,"href":"https:\/\/www.ubibeneibipatria.at\/index.php?rest_route=%2Fwp%2Fv2%2Fcomments&post=1140"}],"version-history":[{"count":11,"href":"https:\/\/www.ubibeneibipatria.at\/index.php?rest_route=\/wp\/v2\/pages\/1140\/revisions"}],"predecessor-version":[{"id":1152,"href":"https:\/\/www.ubibeneibipatria.at\/index.php?rest_route=\/wp\/v2\/pages\/1140\/revisions\/1152"}],"wp:featuredmedia":[{"embeddable":true,"href":"https:\/\/www.ubibeneibipatria.at\/index.php?rest_route=\/wp\/v2\/media\/1109"}],"wp:attachment":[{"href":"https:\/\/www.ubibeneibipatria.at\/index.php?rest_route=%2Fwp%2Fv2%2Fmedia&parent=1140"}],"curies":[{"name":"wp","href":"https:\/\/api.w.org\/{rel}","templated":true}]}}